{"id":582,"date":"2018-12-15T08:47:40","date_gmt":"2018-12-15T07:47:40","guid":{"rendered":"https:\/\/dev.potami-holidays.org\/?page_id=582"},"modified":"2018-12-15T08:47:42","modified_gmt":"2018-12-15T07:47:42","slug":"allgemeine-geschaeftsbedingungen","status":"publish","type":"page","link":"https:\/\/www.potami.org\/el\/allgemeine-geschaeftsbedingungen\/","title":{"rendered":"Allgemeine Gesch\u00e4ftsbedingungen"},"content":{"rendered":"\n<p><strong>Anerkennung der Gesch\u00e4ftsbedingungen:<\/strong><\/p>\n\n\n\n<p><strong>Die nachfolgenden Gesch\u00e4ftsbedingungen gelten f\u00fcr das Angebot der Firma:<\/strong><\/p>\n\n\n\n<p>Gabriela Strobl<br>Klausbachweg 34<br>5061 Elsbethen bei Salzburg<\/p>\n\n\n\n<p>Abweichende Vereinbarungen, Erg\u00e4nzungen und Nebenabsprachen bed\u00fcrfen \nunserer schriftlichen Genehmigung. Bei Buchung eines POTAMI\u00ae- Seminares \n\u00fcber ein Reiseb\u00fcro gelten die AGB\u00b4s des jeweiligen Reiseb\u00fcros.<\/p>\n\n\n\n<p><strong>Behandlungen\/Channeling\/Seminare:<\/strong><br>Wir weisen \nhiermit die Teilnehmer darauf hin, dass sie hier lediglich energetische \nBeratung, die unter Zuhilfenahme von Engelschwingungen oder \u00e4hnlicher \ngewerblich erlaubter Methoden durchgef\u00fchrt werden, erhalten. Da diese \nMa\u00dfnahmen und die Auswahl der Ma\u00dfnahmen zur Wiederherstellung und \nHarmonisierung der k\u00f6rperlichen Energiefelder dienen, stellen sie keine \nHeilbehandlung dar. Dementsprechend stellt die energetische Beratung \nkeinerlei Ersatz f\u00fcr \u00e4rztliche Diagnose und Behandlung dar. Wir \ninformieren die Teilnehmer hiermit dar\u00fcber, dass sie sich f\u00fcr die \nDiagnoseerstellung und Therapie an ihren Arzt wenden m\u00fcssen.<\/p>\n\n\n\n<p><strong>Anmeldung f\u00fcr Seminare \/ Veranstaltungen:<\/strong><br>Die \nAnmeldung zu einem Seminar oder einer anderen von uns angebotenen \nVeranstaltung ist per Internet (Anmeldebutton auf der Seite Termine \/ \nAnmeldung) oder durch Eintrag auf einer der bei POTAMI\u00ae, Gabriela \nStrobl, ausliegenden Teilnehmerlisten m\u00f6glich. Die Firma POTAMI\u00ae, \nGabriela Strobl,&nbsp; beh\u00e4lt sich vor, Anmeldungen zu Seminaren oder \nVeranstaltungen abzulehnen. Im Falle einer Ablehnung werden sie \nschriftlich oder per E-Mail binnen einer Woche hier\u00fcber verst\u00e4ndigt. \nErfolgt keine Ablehnung durch die Firma POTAMI\u00ae, Gabriela Strobl, ist \ndie Anmeldung f\u00fcr den Teilnehmer bindend.<\/p>\n\n\n\n<p><strong>Programm\u00e4nderung(en):<\/strong><br>Wir planen unsere Seminare \nund Veranstaltungen langfristig. Daher kann es vorkommen, dass sich der \nVeranstaltungstermin, der Veranstaltungsort oder die Seminarleitung \n\u00e4ndern. Sollte es \u00c4nderungen geben, informieren wir Sie umgehend. Sollte\n ein von der Firma POTAMI\u00ae, Gabriela Strobl,&nbsp; angebotenes Seminar durch \nKrankheit des\/der Seminarleiters\/in, zu geringe Teilnehmerzahl, h\u00f6here \nGewalt oder andere unvorhersehbarer Ereignisse ausfallen, kann die Firma\n POTAMI\u00ae, Gabriela Strobl, (der Veranstalter) nicht zum Ersatz von \nReise- und \u00dcbernachtungs-, sowie anderer Kosten verpflichtet werden.<\/p>\n\n\n\n<p><strong>Teilnahmebedingungen:<\/strong><br>Der\/die Seminar- \/ \nVeranstaltungsteilnehmer\/in erkl\u00e4rt, dass er\/sie w\u00e4hrend der gesamten \nSeminar-\/Veranstaltungsdauer f\u00fcr sich selbst verantwortlich ist, und \ndass er\/sie die Firma POTAMI\u00ae, Gabriela Strobl, und\/oder die\/den \nSeminar-\/Veranstaltungsleiter(in) von Haftungsanspr\u00fcchen freistellt.<br>Au\u00dferdem\n erkl\u00e4rt der\/die Seminar-\/Veranstaltungsteilnehmer\/in, dass er\/sie sich \nin normaler physischer u. psychischer Gesundheit befindet. Etwaige \nKrankheiten und\/oder Behinderungen sind der \nSeminar-\/Veranstaltungsleitung vor Antritt des Seminars\/der \nVeranstaltung schriftlich mitzuteilen und diese hat \u00fcber eine \nSeminar-\/Veranstaltungstauglichkeit zu entscheiden.<\/p>\n\n\n\n<p><strong>Zimmereinteilung bei Seminaren in Griechenland:<\/strong><br>Buchungen von Einzelpersonen sind grunds\u00e4tzlich Buchungen im Einzelzimmer\/Studio.<br>Bei\n Einzelbuchung und dem Wunsch auf Doppelbelegung werden wir uns bem\u00fchen \neine Doppelbelegung zu organisieren, k\u00f6nnen das aber nicht versprechen. \nWir buchen Zimmer mit Meerblick, da jedoch das Kontingent limitiert ist,\n ersuchen wir um rechtzeitige Anmeldung.<\/p>\n\n\n\n<p><strong>R\u00fccktrittsbedingungen:<\/strong><br>Alle Stornierungen m\u00fcssen in jedem Fall schriftlich erfolgen.<br>R\u00fccktrittsbedingungen f\u00fcr Seminare:<br>4\n Wochen bis 1 Woche vor Seminarbeginn berechnen wir 50%, bei sp\u00e4terer \nStornierung 100% des Seminarbeitrages. Die Stornogeb\u00fchren sind sofort \nnach Stornierung f\u00e4llig.<br>Bei der Nennung und Teilnahme eines in die Zielgruppe passenden Ersatzteilnehmers entf\u00e4llt die jeweilige Stornogeb\u00fchr.<br>R\u00fccktrittsbedingungen f\u00fcr Einzeltermine (Behandlung\/Gespr\u00e4ch, Clearing, Channeling):<br>Soweit\n vereinbarte Termine nicht eingehalten werden k\u00f6nnen, m\u00fcssen diese \nmindestens zwei Tage im Vorhinein telefonisch oder schriftlich abgesagt \nwerden, damit wir mit anderen Klienten entsprechende Dispositionen \nvornehmen k\u00f6nnen. Sofern eine Absage durch den Klienten nicht l\u00e4ngstens \nvor Ablauf der 48-Stunden-Frist gemacht werden kann, behalten wir uns \nvor eine Ausfallsgeb\u00fchr in H\u00f6he von 50% der veranschlagten Kosten des \nausgefallenen Termins in Ansatz zu bringen.<\/p>\n\n\n\n<p><strong>Preise:<\/strong><br>Alle Preise, sofern nicht anders \nangegeben beinhalten alle Steuern und Abgaben und gelten ab dem Standort\n der Firma POTAMI\u00ae, Gabriela Strobl, von der ein\/e Seminar \/ \nVeranstaltung angeboten wird und richten sich an Privatpersonen. Eine \nUmsatzsteuer wird aufgrund der Kleinunternehmerregelung gem\u00e4\u00df \u00a7 6 Abs. \n(1) Z 27 UStG nicht ausgewiesen und daher kein Vorsteuerabzug m\u00f6glich. \nMa\u00dfgebend sind die Preise auf der Seite Termine\/Anmeldung\/Essenzen auf \nunserer Homepage <a href=\"http:\/\/www.potami.org\">www.potami.org<\/a> bzw. auf der Rechnung.<br>Alle\n angef\u00fchrten Preise f\u00fcr Seminare in Griechenland sind Seminargeb\u00fchren \nund verstehen sich ohne sonstige Aufenthalts- und Reisekosten.<\/p>\n\n\n\n<p><strong>Zahlungsbedingungen:<\/strong><br>F\u00fcr die, von der Firma \nPOTAMI\u00ae, Gabriela Strobl, angebotenen Seminare und Einzeltermine in \n\u00d6sterreich, verrechnen wir prompt. F\u00fcr Seminare in Griechenland: nach \nder Anmeldebest\u00e4tigung&nbsp;&nbsp;&nbsp;&nbsp; \u20ac 190,&#8211; Anzahlung bis sp\u00e4testens 7 Tage nach\n Erhalt der Rechnung auf unser angef\u00fchrtes Konto. Der Restbetrag ist bis\n sp\u00e4testens 28 Tage vor Seminarbeginn zu \u00fcberweisen. Die Hotelkosten \nwerden vor Ort bezahlt.<br>Pl\u00e4tze auf Seminaren und Veranstaltungen \nwerden nach Zahlungseingang reserviert. Wir bitten um Verst\u00e4ndnis, dass \nwir keinen Platz reservieren k\u00f6nnen, bevor der Zahlungseingang bei uns \nerfolgt ist. Bei Buchung \u00fcber Reiseveranstaltungspartner leiten diese \nden Seminarbetrag an uns weiter.<\/p>\n\n\n\n<p><strong>Kontoverbindung:<\/strong><br>Gabriela Strobl<br>Raiffeisenbank Salzburg Aigen<br>IBAN:&nbsp;&nbsp;&nbsp;&nbsp;&nbsp;&nbsp;&nbsp;&nbsp;&nbsp;&nbsp;&nbsp; AT35 3500 0000 2804 0442<br>BIC:&nbsp;&nbsp;&nbsp;&nbsp;&nbsp;&nbsp;&nbsp;&nbsp;&nbsp;&nbsp;&nbsp;&nbsp;&nbsp; RVSAAT2S<\/p>\n\n\n\n<p>Gerichtsstand f\u00fcr die Firma PO TA MI\u00ae, Gabriela Strobl, Klausbachweg 34, 5061 Elsbethen, ist Salzburg.<\/p>\n\n\n\n<p>Irrt\u00fcmer bei Preisen und Angaben vorbehalten.<\/p>\n","protected":false},"excerpt":{"rendered":"<p>Anerkennung der Gesch\u00e4ftsbedingungen: Die nachfolgenden Gesch\u00e4ftsbedingungen gelten f\u00fcr das Angebot der Firma: Gabriela StroblKlausbachweg 345061 Elsbethen bei Salzburg Abweichende Vereinbarungen, Erg\u00e4nzungen und Nebenabsprachen bed\u00fcrfen unserer schriftlichen Genehmigung. Bei Buchung eines POTAMI\u00ae- Seminares \u00fcber ein Reiseb\u00fcro gelten die AGB\u00b4s des jeweiligen Reiseb\u00fcros. Behandlungen\/Channeling\/Seminare:Wir weisen hiermit die Teilnehmer darauf hin, dass sie hier lediglich energetische Beratung, die [&hellip;]<\/p>\n","protected":false},"author":1,"featured_media":0,"parent":0,"menu_order":0,"comment_status":"closed","ping_status":"closed","template":"","meta":{"ocean_post_layout":"","ocean_both_sidebars_style":"","ocean_both_sidebars_content_width":0,"ocean_both_sidebars_sidebars_width":0,"ocean_sidebar":"0","ocean_second_sidebar":"0","ocean_disable_margins":"enable","ocean_add_body_class":"","ocean_shortcode_before_top_bar":"","ocean_shortcode_after_top_bar":"","ocean_shortcode_before_header":"","ocean_shortcode_after_header":"","ocean_has_shortcode":"","ocean_shortcode_after_title":"","ocean_shortcode_before_footer_widgets":"","ocean_shortcode_after_footer_widgets":"","ocean_shortcode_before_footer_bottom":"","ocean_shortcode_after_footer_bottom":"","ocean_display_top_bar":"default","ocean_display_header":"default","ocean_header_style":"","ocean_center_header_left_menu":"0","ocean_custom_header_template":"0","ocean_custom_logo":0,"ocean_custom_retina_logo":0,"ocean_custom_logo_max_width":0,"ocean_custom_logo_tablet_max_width":0,"ocean_custom_logo_mobile_max_width":0,"ocean_custom_logo_max_height":0,"ocean_custom_logo_tablet_max_height":0,"ocean_custom_logo_mobile_max_height":0,"ocean_header_custom_menu":"0","ocean_menu_typo_font_family":"0","ocean_menu_typo_font_subset":"","ocean_menu_typo_font_size":0,"ocean_menu_typo_font_size_tablet":0,"ocean_menu_typo_font_size_mobile":0,"ocean_menu_typo_font_size_unit":"px","ocean_menu_typo_font_weight":"","ocean_menu_typo_font_weight_tablet":"","ocean_menu_typo_font_weight_mobile":"","ocean_menu_typo_transform":"","ocean_menu_typo_transform_tablet":"","ocean_menu_typo_transform_mobile":"","ocean_menu_typo_line_height":0,"ocean_menu_typo_line_height_tablet":0,"ocean_menu_typo_line_height_mobile":0,"ocean_menu_typo_line_height_unit":"","ocean_menu_typo_spacing":0,"ocean_menu_typo_spacing_tablet":0,"ocean_menu_typo_spacing_mobile":0,"ocean_menu_typo_spacing_unit":"","ocean_menu_link_color":"","ocean_menu_link_color_hover":"","ocean_menu_link_color_active":"","ocean_menu_link_background":"","ocean_menu_link_hover_background":"","ocean_menu_link_active_background":"","ocean_menu_social_links_bg":"","ocean_menu_social_hover_links_bg":"","ocean_menu_social_links_color":"","ocean_menu_social_hover_links_color":"","ocean_disable_title":"default","ocean_disable_heading":"default","ocean_post_title":"","ocean_post_subheading":"","ocean_post_title_style":"","ocean_post_title_background_color":"","ocean_post_title_background":0,"ocean_post_title_bg_image_position":"","ocean_post_title_bg_image_attachment":"","ocean_post_title_bg_image_repeat":"","ocean_post_title_bg_image_size":"","ocean_post_title_height":0,"ocean_post_title_bg_overlay":0.5,"ocean_post_title_bg_overlay_color":"","ocean_disable_breadcrumbs":"default","ocean_breadcrumbs_color":"","ocean_breadcrumbs_separator_color":"","ocean_breadcrumbs_links_color":"","ocean_breadcrumbs_links_hover_color":"","ocean_display_footer_widgets":"default","ocean_display_footer_bottom":"default","ocean_custom_footer_template":"0","footnotes":""},"class_list":["post-582","page","type-page","status-publish","hentry","entry","owp-thumbs-layout-horizontal","owp-btn-big","owp-tabs-layout-section","has-no-thumbnails"],"yoast_head":"<!-- This site is optimized with the Yoast SEO plugin v27.6 - https:\/\/yoast.com\/product\/yoast-seo-wordpress\/ -->\n<title>Allgemeine Gesch\u00e4ftsbedingungen - PO TA MI<\/title>\n<meta name=\"robots\" content=\"index, follow, max-snippet:-1, max-image-preview:large, max-video-preview:-1\" \/>\n<link rel=\"canonical\" href=\"https:\/\/www.potami.org\/el\/allgemeine-geschaeftsbedingungen\/\" \/>\n<meta property=\"og:locale\" content=\"el_GR\" \/>\n<meta property=\"og:type\" content=\"article\" \/>\n<meta property=\"og:title\" content=\"Allgemeine Gesch\u00e4ftsbedingungen - PO TA MI\" \/>\n<meta property=\"og:description\" content=\"Anerkennung der Gesch\u00e4ftsbedingungen: Die nachfolgenden Gesch\u00e4ftsbedingungen gelten f\u00fcr das Angebot der Firma: Gabriela StroblKlausbachweg 345061 Elsbethen bei Salzburg Abweichende Vereinbarungen, Erg\u00e4nzungen und Nebenabsprachen bed\u00fcrfen unserer schriftlichen Genehmigung. Bei Buchung eines POTAMI\u00ae- Seminares \u00fcber ein Reiseb\u00fcro gelten die AGB\u00b4s des jeweiligen Reiseb\u00fcros. Behandlungen\/Channeling\/Seminare:Wir weisen hiermit die Teilnehmer darauf hin, dass sie hier lediglich energetische Beratung, die [&hellip;]\" \/>\n<meta property=\"og:url\" content=\"https:\/\/www.potami.org\/el\/allgemeine-geschaeftsbedingungen\/\" \/>\n<meta property=\"og:site_name\" content=\"PO TA MI\" \/>\n<meta property=\"article:publisher\" content=\"https:\/\/www.facebook.com\/potami.new.energy\" \/>\n<meta property=\"article:modified_time\" content=\"2018-12-15T07:47:42+00:00\" \/>\n<meta name=\"twitter:card\" content=\"summary_large_image\" \/>\n<meta name=\"twitter:label1\" content=\"\u0395\u03ba\u03c4\u03b9\u03bc\u03ce\u03bc\u03b5\u03bd\u03bf\u03c2 \u03c7\u03c1\u03cc\u03bd\u03bf\u03c2 \u03b1\u03bd\u03ac\u03b3\u03bd\u03c9\u03c3\u03b7\u03c2\" \/>\n\t<meta name=\"twitter:data1\" content=\"4 \u03bb\u03b5\u03c0\u03c4\u03ac\" \/>\n<script type=\"application\/ld+json\" class=\"yoast-schema-graph\">{\"@context\":\"https:\\\/\\\/schema.org\",\"@graph\":[{\"@type\":\"WebPage\",\"@id\":\"https:\\\/\\\/www.potami.org\\\/el\\\/allgemeine-geschaeftsbedingungen\\\/\",\"url\":\"https:\\\/\\\/www.potami.org\\\/el\\\/allgemeine-geschaeftsbedingungen\\\/\",\"name\":\"Allgemeine Gesch\u00e4ftsbedingungen - PO TA MI\",\"isPartOf\":{\"@id\":\"https:\\\/\\\/www.potami.org\\\/#website\"},\"datePublished\":\"2018-12-15T07:47:40+00:00\",\"dateModified\":\"2018-12-15T07:47:42+00:00\",\"breadcrumb\":{\"@id\":\"https:\\\/\\\/www.potami.org\\\/el\\\/allgemeine-geschaeftsbedingungen\\\/#breadcrumb\"},\"inLanguage\":\"el\",\"potentialAction\":[{\"@type\":\"ReadAction\",\"target\":[\"https:\\\/\\\/www.potami.org\\\/el\\\/allgemeine-geschaeftsbedingungen\\\/\"]}]},{\"@type\":\"BreadcrumbList\",\"@id\":\"https:\\\/\\\/www.potami.org\\\/el\\\/allgemeine-geschaeftsbedingungen\\\/#breadcrumb\",\"itemListElement\":[{\"@type\":\"ListItem\",\"position\":1,\"name\":\"Startseite\",\"item\":\"https:\\\/\\\/www.potami.org\\\/el\\\/\"},{\"@type\":\"ListItem\",\"position\":2,\"name\":\"Allgemeine Gesch\u00e4ftsbedingungen\"}]},{\"@type\":\"WebSite\",\"@id\":\"https:\\\/\\\/www.potami.org\\\/#website\",\"url\":\"https:\\\/\\\/www.potami.org\\\/\",\"name\":\"PO TA MI\",\"description\":\"PO TA MI - Lebe den Engel in dir!\",\"publisher\":{\"@id\":\"https:\\\/\\\/www.potami.org\\\/#organization\"},\"potentialAction\":[{\"@type\":\"SearchAction\",\"target\":{\"@type\":\"EntryPoint\",\"urlTemplate\":\"https:\\\/\\\/www.potami.org\\\/?s={search_term_string}\"},\"query-input\":{\"@type\":\"PropertyValueSpecification\",\"valueRequired\":true,\"valueName\":\"search_term_string\"}}],\"inLanguage\":\"el\"},{\"@type\":\"Organization\",\"@id\":\"https:\\\/\\\/www.potami.org\\\/#organization\",\"name\":\"Potami\",\"url\":\"https:\\\/\\\/www.potami.org\\\/\",\"logo\":{\"@type\":\"ImageObject\",\"inLanguage\":\"el\",\"@id\":\"https:\\\/\\\/www.potami.org\\\/#\\\/schema\\\/logo\\\/image\\\/\",\"url\":\"https:\\\/\\\/www.potami.org\\\/wp-content\\\/uploads\\\/potami-logo-1.png\",\"contentUrl\":\"https:\\\/\\\/www.potami.org\\\/wp-content\\\/uploads\\\/potami-logo-1.png\",\"width\":97,\"height\":100,\"caption\":\"Potami\"},\"image\":{\"@id\":\"https:\\\/\\\/www.potami.org\\\/#\\\/schema\\\/logo\\\/image\\\/\"},\"sameAs\":[\"https:\\\/\\\/www.facebook.com\\\/potami.new.energy\"]}]}<\/script>\n<!-- \/ Yoast SEO plugin. -->","yoast_head_json":{"title":"Allgemeine Gesch\u00e4ftsbedingungen - PO TA MI","robots":{"index":"index","follow":"follow","max-snippet":"max-snippet:-1","max-image-preview":"max-image-preview:large","max-video-preview":"max-video-preview:-1"},"canonical":"https:\/\/www.potami.org\/el\/allgemeine-geschaeftsbedingungen\/","og_locale":"el_GR","og_type":"article","og_title":"Allgemeine Gesch\u00e4ftsbedingungen - PO TA MI","og_description":"Anerkennung der Gesch\u00e4ftsbedingungen: Die nachfolgenden Gesch\u00e4ftsbedingungen gelten f\u00fcr das Angebot der Firma: Gabriela StroblKlausbachweg 345061 Elsbethen bei Salzburg Abweichende Vereinbarungen, Erg\u00e4nzungen und Nebenabsprachen bed\u00fcrfen unserer schriftlichen Genehmigung. Bei Buchung eines POTAMI\u00ae- Seminares \u00fcber ein Reiseb\u00fcro gelten die AGB\u00b4s des jeweiligen Reiseb\u00fcros. Behandlungen\/Channeling\/Seminare:Wir weisen hiermit die Teilnehmer darauf hin, dass sie hier lediglich energetische Beratung, die [&hellip;]","og_url":"https:\/\/www.potami.org\/el\/allgemeine-geschaeftsbedingungen\/","og_site_name":"PO TA MI","article_publisher":"https:\/\/www.facebook.com\/potami.new.energy","article_modified_time":"2018-12-15T07:47:42+00:00","twitter_card":"summary_large_image","twitter_misc":{"\u0395\u03ba\u03c4\u03b9\u03bc\u03ce\u03bc\u03b5\u03bd\u03bf\u03c2 \u03c7\u03c1\u03cc\u03bd\u03bf\u03c2 \u03b1\u03bd\u03ac\u03b3\u03bd\u03c9\u03c3\u03b7\u03c2":"4 \u03bb\u03b5\u03c0\u03c4\u03ac"},"schema":{"@context":"https:\/\/schema.org","@graph":[{"@type":"WebPage","@id":"https:\/\/www.potami.org\/el\/allgemeine-geschaeftsbedingungen\/","url":"https:\/\/www.potami.org\/el\/allgemeine-geschaeftsbedingungen\/","name":"Allgemeine Gesch\u00e4ftsbedingungen - PO TA MI","isPartOf":{"@id":"https:\/\/www.potami.org\/#website"},"datePublished":"2018-12-15T07:47:40+00:00","dateModified":"2018-12-15T07:47:42+00:00","breadcrumb":{"@id":"https:\/\/www.potami.org\/el\/allgemeine-geschaeftsbedingungen\/#breadcrumb"},"inLanguage":"el","potentialAction":[{"@type":"ReadAction","target":["https:\/\/www.potami.org\/el\/allgemeine-geschaeftsbedingungen\/"]}]},{"@type":"BreadcrumbList","@id":"https:\/\/www.potami.org\/el\/allgemeine-geschaeftsbedingungen\/#breadcrumb","itemListElement":[{"@type":"ListItem","position":1,"name":"Startseite","item":"https:\/\/www.potami.org\/el\/"},{"@type":"ListItem","position":2,"name":"Allgemeine Gesch\u00e4ftsbedingungen"}]},{"@type":"WebSite","@id":"https:\/\/www.potami.org\/#website","url":"https:\/\/www.potami.org\/","name":"PO TA MI","description":"PO TA MI - Lebe den Engel in dir!","publisher":{"@id":"https:\/\/www.potami.org\/#organization"},"potentialAction":[{"@type":"SearchAction","target":{"@type":"EntryPoint","urlTemplate":"https:\/\/www.potami.org\/?s={search_term_string}"},"query-input":{"@type":"PropertyValueSpecification","valueRequired":true,"valueName":"search_term_string"}}],"inLanguage":"el"},{"@type":"Organization","@id":"https:\/\/www.potami.org\/#organization","name":"Potami","url":"https:\/\/www.potami.org\/","logo":{"@type":"ImageObject","inLanguage":"el","@id":"https:\/\/www.potami.org\/#\/schema\/logo\/image\/","url":"https:\/\/www.potami.org\/wp-content\/uploads\/potami-logo-1.png","contentUrl":"https:\/\/www.potami.org\/wp-content\/uploads\/potami-logo-1.png","width":97,"height":100,"caption":"Potami"},"image":{"@id":"https:\/\/www.potami.org\/#\/schema\/logo\/image\/"},"sameAs":["https:\/\/www.facebook.com\/potami.new.energy"]}]}},"_links":{"self":[{"href":"https:\/\/www.potami.org\/el\/wp-json\/wp\/v2\/pages\/582","targetHints":{"allow":["GET"]}}],"collection":[{"href":"https:\/\/www.potami.org\/el\/wp-json\/wp\/v2\/pages"}],"about":[{"href":"https:\/\/www.potami.org\/el\/wp-json\/wp\/v2\/types\/page"}],"author":[{"embeddable":true,"href":"https:\/\/www.potami.org\/el\/wp-json\/wp\/v2\/users\/1"}],"replies":[{"embeddable":true,"href":"https:\/\/www.potami.org\/el\/wp-json\/wp\/v2\/comments?post=582"}],"version-history":[{"count":0,"href":"https:\/\/www.potami.org\/el\/wp-json\/wp\/v2\/pages\/582\/revisions"}],"wp:attachment":[{"href":"https:\/\/www.potami.org\/el\/wp-json\/wp\/v2\/media?parent=582"}],"curies":[{"name":"wp","href":"https:\/\/api.w.org\/{rel}","templated":true}]}}